{"id":48,"date":"2023-12-23T20:36:44","date_gmt":"2023-12-23T19:36:44","guid":{"rendered":"https:\/\/sjomanskyrkanskagen.org\/?page_id=48"},"modified":"2025-07-18T14:19:10","modified_gmt":"2025-07-18T12:19:10","slug":"gaavor","status":"publish","type":"page","link":"https:\/\/sjomanskyrkanskagen.org\/?page_id=48","title":{"rendered":"G\u00e5vor"},"content":{"rendered":"<div class=\"\" style=\"\" >\n    \n    <section class=\"u-clearfix u-image u-section-2\" id=\"carousel_da3f\" data-image-width=\"1280\" data-image-height=\"853\" style=\"background-image: url(&quot;https:\/\/sjomanskyrkanskagen.org\/wp-content\/uploads\/2023\/12\/813af88ec81e63849de6d46469fb66242599bab7f441a17cc94eb5ab33c47c95acff0dbdbbb1f02be75fcedbb9495c1ed004d4e2ec37df21a8f61f_1280-2.jpg&quot;);\">\n      <div class=\"u-clearfix u-sheet u-sheet-1\">\n        <div class=\"custom-expanded u-shape u-shape-svg u-text-palette-1-base u-shape-1\" data-animation-name=\"customAnimationIn\" data-animation-duration=\"1500\" data-animation-delay=\"500\">\n          <svg class=\"u-svg-link\" preserveAspectRatio=\"none\" viewBox=\"0 0 160 150\" style=\"\"><use xmlns:xlink=\"http:\/\/www.w3.org\/1999\/xlink\" xlink:href=\"#svg-40dc\"><\/use><\/svg>\n          <svg class=\"u-svg-content\" viewBox=\"0 0 160 150\" x=\"0px\" y=\"0px\" id=\"svg-40dc\"><path d=\"M43.2,126.9c14.2,1.3,27.6,7,39.1,15.6c8.3,6.1,19.4,10.3,32.7,5.3c11.7-4.4,18.6-17.4,21-30.2c2.6-13.3,8.1-25.9,15.7-37.1\n\tc8.3-12.1,10.8-27.9,5.3-42.7C150.5,20.3,134.6,9,117,7.6C107.9,6.9,98.8,5,90.1,1.9C83-0.6,75-0.7,67.4,2.1\n\tc-9.9,3.7-17,11.6-20.1,21c-3.3,10.1-10.9,18-20.6,22.2c-0.1,0-0.1,0.1-0.2,0.1c-20.3,8.9-31,32-24.6,53.2\n\tC6.9,115.6,25.2,125.2,43.2,126.9z\"><\/path><\/svg>\n        <\/div>\n        <div class=\"u-image u-image-circle u-image-1\" alt=\"\" data-image-width=\"1280\" data-image-height=\"1280\" data-animation-name=\"customAnimationIn\" data-animation-duration=\"1500\" style=\"background-image: url(&quot;https:\/\/sjomanskyrkanskagen.org\/wp-content\/uploads\/2023\/12\/3be89a88ba9e0a47b1d93f84038e40055658cba1d02f289706552c8480e8bf143995845957793a3e817cceab435b8aa8f783fd1c67053ec2faaeab_1280-2.png&quot;);\"><\/div>\n        <div class=\"custom-expanded u-align-center u-container-align-center u-container-style u-group u-shape-rectangle u-group-1\" data-animation-name=\"customAnimationIn\" data-animation-duration=\"1500\" data-animation-delay=\"750\">\n          <div class=\"u-container-layout u-container-layout-1\">\n            <p class=\"u-text u-text-body-alt-color u-text-1\"> Svenska Sj\u00f6manskyrkan i Skagen drivs genom frivilliga g\u00e5vor, det \u00e4r ingen kyrkoskatt som betalar denna verksamhet.&nbsp;<br>Vi \u00e4r beroende av m\u00e4nniskor \u201dmed hj\u00e4rta\u201d. Det \u00e4r g\u00e5vor fr\u00e5n enskilda personer och f\u00f6retag, donationer, arv, kollekter fr\u00e5n f\u00f6rsamlingar som \u00e4r basen f\u00f6r driften.&nbsp;<br>\u00d6verskott fr\u00e5n caf\u00e9 och vandrarhem \u00e4r en annan<br>viktig inkomst.&nbsp;\n            <\/p>\n          <\/div>\n        <\/div>\n        <h2 class=\"u-align-left u-text u-text-body-alt-color u-text-2\"> St\u00f6d v\u00e5r kyrka <\/h2>\n        <div class=\"u-border-3 u-border-palette-3-base u-line u-line-horizontal u-line-1\"><\/div>\n      <\/div>\n    <\/section>\n    <section class=\"u-align-center u-clearfix u-container-align-center u-section-3\" id=\"carousel_93cc\">\n      <div class=\"u-clearfix u-sheet u-sheet-1\">\n        <h1 class=\"u-text u-text-palette-1-base u-text-1\">\n          <br>Vi \u00e4r mycket tacksamma f\u00f6r dina g\u00e5vor\n        <\/h1>\n        <h2 class=\"u-align-center u-text u-text-default u-text-palette-1-base u-text-2\" data-animation-name=\"customAnimationIn\" data-animation-duration=\"1500\">Bidrag och g\u00e5vor kan s\u00e4ttas in p\u00e5 f\u00f6ljande s\u00e4tt<\/h2>\n        <div class=\"data-layout-selected u-clearfix u-expanded-width-xs u-gutter-0 u-layout-wrap u-layout-wrap-1\">\n          <div class=\"u-gutter-0 u-layout\" style=\"\">\n            <div class=\"u-layout-row\" style=\"\">\n              <div class=\"u-align-center u-container-align-center u-container-align-center-lg u-container-align-center-md u-container-align-center-sm u-container-align-center-xl u-container-style u-layout-cell u-size-29 u-layout-cell-1\">\n                <div class=\"u-container-layout u-container-layout-1\">\n                  <div class=\"u-align-center u-border-10 u-border-palette-1-base u-image u-image-circle u-preserve-proportions u-image-1\" data-image-width=\"1280\" data-image-height=\"783\" data-animation-name=\"customAnimationIn\" data-animation-duration=\"1500\" data-animation-delay=\"500\" style=\"background-image: url(&quot;https:\/\/sjomanskyrkanskagen.org\/wp-content\/uploads\/2023\/12\/b6e9474f27757f5d4922bedf6f0fc47a073ed0d389d5b6cea2e7fe565aa2f2581c0ce3ac796adef258ab54698a84f4231998c9b8a394b596271077_1280-2.png&quot;);\"><\/div>\n                  <h3 class=\"u-text u-text-default u-text-palette-1-base u-text-3\">G\u00e5va i Sverige<\/h3>\n                  <div class=\"custom-expanded u-container-style u-group u-palette-1-base u-preserve-proportions u-radius-15 u-shape-round u-group-1\">\n                    <div class=\"u-container-layout u-container-layout-2\">\n                      <div class=\"u-palette-1-light-2 u-preserve-proportions u-shape u-shape-circle u-shape-1\"><\/div>\n                      <h1 class=\"u-text u-text-default u-text-palette-1-dark-1 u-text-4\">BG<br>\n                      <\/h1>\n                      <h4 class=\"u-align-center u-text u-text-default u-text-5\">\n                        <br>BANKGIRO\n                      <\/h4>\n                      <p class=\"u-custom-font u-font-montserrat u-text u-text-6\"> 689-3101<\/p>\n                    <\/div>\n                  <\/div>\n                  <div class=\"custom-expanded u-container-style u-group u-palette-1-base u-preserve-proportions u-radius-15 u-shape-round u-group-2\">\n                    <div class=\"u-container-layout u-container-layout-3\">\n                      <img decoding=\"async\" class=\"u-align-center u-image u-image-contain u-image-default u-image-2\" src=\"https:\/\/sjomanskyrkanskagen.org\/wp-content\/uploads\/2024\/03\/swish.jpg\" alt=\"\" data-image-width=\"277\" data-image-height=\"182\">\n                      <p class=\"u-align-center u-text u-text-7\">123 179 1425<\/p>\n                    <\/div>\n                  <\/div>\n                <\/div>\n              <\/div>\n              <div class=\"u-align-center u-container-align-center u-container-align-center-lg u-container-align-center-md u-container-align-center-sm u-container-align-center-xl u-container-style u-layout-cell u-size-31 u-layout-cell-2\">\n                <div class=\"u-container-layout u-container-layout-4\">\n                  <div class=\"u-align-center u-border-10 u-border-palette-1-base u-image u-image-circle u-preserve-proportions u-image-3\" data-image-width=\"1280\" data-image-height=\"969\" data-animation-name=\"customAnimationIn\" data-animation-duration=\"1500\" data-animation-delay=\"500\" style=\"background-image: url(&quot;https:\/\/sjomanskyrkanskagen.org\/wp-content\/uploads\/2023\/12\/g9e74132c17106e63dc42ccd88ddcbeb4606029194973c55c335f70a11da61a6319fda2c8626b0b1d24f5beb7faaa0850_1280-2.png&quot;);\"><\/div>\n                  <h3 class=\"u-text u-text-default u-text-palette-1-base u-text-8\">G\u00e5va i Danmark<br>\n                  <\/h3>\n                  <div class=\"u-container-style u-group u-palette-1-base u-radius-10 u-shape-round u-group-3\">\n                    <div class=\"u-container-layout u-container-layout-5\">\n                      <div class=\"u-container-style u-group u-palette-1-light-2 u-radius-10 u-shape-round u-group-4\">\n                        <div class=\"u-container-layout u-container-layout-6\">\n                          <h1 class=\"u-text u-text-palette-1-dark-1 u-text-9\">Spar Nord<\/h1>\n                        <\/div>\n                      <\/div>\n                      <p class=\"u-align-center u-custom-font u-font-montserrat u-text u-text-10\">&nbsp; &nbsp; &nbsp; &nbsp; &nbsp;Konto nummer:&nbsp; &nbsp; &nbsp; &nbsp; &nbsp; &nbsp; &nbsp;9015-457 544 7223<\/p>\n                    <\/div>\n                  <\/div>\n                  <div class=\"custom-expanded u-container-style u-group u-palette-1-base u-radius-10 u-shape-round u-group-5\">\n                    <div class=\"u-container-layout u-container-layout-7\">\n                      <img decoding=\"async\" class=\"u-align-center u-image u-image-contain u-image-default u-image-4\" src=\"https:\/\/sjomanskyrkanskagen.org\/wp-content\/uploads\/2024\/03\/mobilpay.jpg\" alt=\"\" data-image-width=\"295\" data-image-height=\"171\">\n                      <p class=\"u-align-center u-custom-font u-font-montserrat u-text u-text-11\">243 641 <\/p>\n                    <\/div>\n                  <\/div>\n                <\/div>\n              <\/div>\n            <\/div>\n          <\/div>\n        <\/div>\n      <\/div>\n    <\/section>\n    \n    \n    \n  \n<\/div>","protected":false},"excerpt":{"rendered":"<p>Svenska Sj\u00f6manskyrkan i Skagen drivs genom frivilliga g\u00e5vor, det \u00e4r ingen kyrkoskatt som betalar denna verksamhet.&nbsp;Vi \u00e4r beroende av m\u00e4nniskor \u201dmed hj\u00e4rta\u201d. Det \u00e4r g\u00e5vor fr\u00e5n enskilda personer och f\u00f6retag, donationer, arv, kollekter fr\u00e5n f\u00f6rsamlingar som \u00e4r basen f\u00f6r driften.&nbsp;\u00d6verskott fr\u00e5n caf\u00e9 och vandrarhem \u00e4r en annanviktig inkomst.&nbsp; St\u00f6d v\u00e5r kyrka Vi \u00e4r mycket tacksamma [&hellip;]<\/p>\n","protected":false},"author":1,"featured_media":0,"parent":0,"menu_order":2,"comment_status":"closed","ping_status":"closed","template":"","meta":{"_crdt_document":"","footnotes":""},"class_list":["post-48","page","type-page","status-publish","hentry"],"jetpack_sharing_enabled":true,"_links":{"self":[{"href":"https:\/\/sjomanskyrkanskagen.org\/index.php?rest_route=\/wp\/v2\/pages\/48","targetHints":{"allow":["GET"]}}],"collection":[{"href":"https:\/\/sjomanskyrkanskagen.org\/index.php?rest_route=\/wp\/v2\/pages"}],"about":[{"href":"https:\/\/sjomanskyrkanskagen.org\/index.php?rest_route=\/wp\/v2\/types\/page"}],"author":[{"embeddable":true,"href":"https:\/\/sjomanskyrkanskagen.org\/index.php?rest_route=\/wp\/v2\/users\/1"}],"replies":[{"embeddable":true,"href":"https:\/\/sjomanskyrkanskagen.org\/index.php?rest_route=%2Fwp%2Fv2%2Fcomments&post=48"}],"version-history":[{"count":13,"href":"https:\/\/sjomanskyrkanskagen.org\/index.php?rest_route=\/wp\/v2\/pages\/48\/revisions"}],"predecessor-version":[{"id":567,"href":"https:\/\/sjomanskyrkanskagen.org\/index.php?rest_route=\/wp\/v2\/pages\/48\/revisions\/567"}],"wp:attachment":[{"href":"https:\/\/sjomanskyrkanskagen.org\/index.php?rest_route=%2Fwp%2Fv2%2Fmedia&parent=48"}],"curies":[{"name":"wp","href":"https:\/\/api.w.org\/{rel}","templated":true}]}}